{"id":2087,"date":"2023-12-05T18:39:13","date_gmt":"2023-12-05T18:39:13","guid":{"rendered":"https:\/\/implanguamuchil.gob.mx\/?page_id=2087"},"modified":"2024-07-23T19:21:19","modified_gmt":"2024-07-23T19:21:19","slug":"inicio-del-proceso-de-consulta-publica","status":"publish","type":"page","link":"https:\/\/implanguamuchil.gob.mx\/?page_id=2087","title":{"rendered":"PROGRAMA MUNICIPAL DE ORDENAMIENTO TERRITORIAL Y DESARROLLO URBANO DE SALV. ALV., SINALOA"},"content":{"rendered":"\n<p class=\"has-text-align-center\" style=\"font-style:normal;font-weight:700\">PUBLICADA EN EL PERIODICO OFICIAL DEL ESTADO CON FECHA DEL 31 DE MAYO DEL 2024<\/p>\n\n\n\n<p class=\"has-text-align-center\" style=\"font-style:normal;font-weight:700\">PUBLICACI\u00d3N TOMO 3ra. No. 067<\/p>\n\n\n\n<div class=\"wp-block-file\"><\/div>\n\n\n\n<p class=\"has-medium-font-size\"><strong><a href=\"https:\/\/implanguamuchil.gob.mx\/wp-content\/uploads\/2024\/07\/PMOTDU_Salvador-Alvarado_25.04.2024.pdf\">DOCUMENTO VERSI\u00d2N COMPLETA<\/a><\/strong><\/p>\n\n\n\n<p class=\"has-medium-font-size\"><strong><a href=\"https:\/\/implanguamuchil.gob.mx\/wp-content\/uploads\/2024\/07\/PMOTDU_Salvador-Alvarado_SINTESIS-EJECUTIVA_25.04.2024.pdf\">DOCUMENTO VERSI\u00d2N SINTETIZADO<\/a><\/strong><\/p>\n\n\n\n<p class=\"has-small-font-size\"><strong><a href=\"https:\/\/implanguamuchil.gob.mx\/?page_id=2109\">ANEXOS INFORMACI\u00d2N CARTOGR\u00c0FICA<\/a><\/strong><\/p>\n","protected":false},"excerpt":{"rendered":"<p>PUBLICADA EN EL PERIODICO OFICIAL DEL ESTADO CON FECHA DEL 31 DE MAYO DEL 2024 PUBLICACI\u00d3N TOMO 3ra. No. 067 DOCUMENTO VERSI\u00d2N COMPLETA DOCUMENTO VERSI\u00d2N SINTETIZADO ANEXOS INFORMACI\u00d2N CARTOGR\u00c0FICA<\/p>\n","protected":false},"author":2,"featured_media":0,"parent":0,"menu_order":0,"comment_status":"closed","ping_status":"closed","template":"","meta":{"footnotes":""},"_links":{"self":[{"href":"https:\/\/implanguamuchil.gob.mx\/index.php?rest_route=\/wp\/v2\/pages\/2087"}],"collection":[{"href":"https:\/\/implanguamuchil.gob.mx\/index.php?rest_route=\/wp\/v2\/pages"}],"about":[{"href":"https:\/\/implanguamuchil.gob.mx\/index.php?rest_route=\/wp\/v2\/types\/page"}],"author":[{"embeddable":true,"href":"https:\/\/implanguamuchil.gob.mx\/index.php?rest_route=\/wp\/v2\/users\/2"}],"replies":[{"embeddable":true,"href":"https:\/\/implanguamuchil.gob.mx\/index.php?rest_route=%2Fwp%2Fv2%2Fcomments&post=2087"}],"version-history":[{"count":16,"href":"https:\/\/implanguamuchil.gob.mx\/index.php?rest_route=\/wp\/v2\/pages\/2087\/revisions"}],"predecessor-version":[{"id":2511,"href":"https:\/\/implanguamuchil.gob.mx\/index.php?rest_route=\/wp\/v2\/pages\/2087\/revisions\/2511"}],"wp:attachment":[{"href":"https:\/\/implanguamuchil.gob.mx\/index.php?rest_route=%2Fwp%2Fv2%2Fmedia&parent=2087"}],"curies":[{"name":"wp","href":"https:\/\/api.w.org\/{rel}","templated":true}]}}