{"id":1364,"date":"2021-01-29T21:05:46","date_gmt":"2021-01-29T21:05:46","guid":{"rendered":"http:\/\/implanguamuchil.gob.mx\/?page_id=1364"},"modified":"2022-04-19T21:13:38","modified_gmt":"2022-04-19T21:13:38","slug":"cuarto-trimestre-2020","status":"publish","type":"page","link":"https:\/\/implanguamuchil.gob.mx\/?page_id=1364","title":{"rendered":"Cuarto trimestre-2020"},"content":{"rendered":"<h4><strong>LEY DE TRANSPARENCIA Y ACCESO A LA INFORMACI\u00d3N PUBLICA DEL ESTADO DE SINALOA<\/strong><\/h4>\n<h5>OBLIGACIONES COMUNES ART.95<\/h5>\n<p>Art\u00edculo 95. Los sujetos obligados pondr\u00e1n a disposici\u00f3n del p\u00fablico y actualizar\u00e1n en forma permanente la informaci\u00f3n en los respectivos medios electr\u00f3nicos, de acuerdo con sus facultades, atribuciones, funciones u objeto social seg\u00fan corresponda, por lo menos, de los temas, documentos y pol\u00edticas que a continuaci\u00f3n se se\u00f1alan:<\/p>\n<p>&nbsp;<\/p>\n<p><strong>I.\u00a0<\/strong>Estructura org\u00e1nica\u00a0completa<\/p>\n<ul>\n<li><a href=\"https:\/\/implanguamuchil.gob.mx\/transparencia2020\/4totrim\/LTAIPES95FIA (FRACCION I A_4T_2020)_Vgt.xlsx\">LTAIPES95FIA.xlsx<\/a><\/li>\n<li><a href=\"https:\/\/implanguamuchil.gob.mx\/transparencia2020\/4totrim\/LTAIPES95FIB (FRACCION I B_4T_2020)_Vgt.xlsx\">LTAIPES95FIB.xlsx<\/a><\/li>\n<\/ul>\n<p><strong>II.<\/strong>\u00a0Las facultades de cada \u00e1rea;<\/p>\n<ul>\n<li><a href=\"https:\/\/implanguamuchil.gob.mx\/transparencia2020\/4totrim\/LTAIPES95FII (FRACCION II_4T_2020)_Vgt.xlsx\">LTAIPES95FII.xlsx<\/a><\/li>\n<\/ul>\n<p><strong>III.<\/strong>\u00a0El Directorio de todos los servidores p\u00fablicos<\/p>\n<ul>\n<li><a href=\"https:\/\/implanguamuchil.gob.mx\/transparencia2020\/4totrim\/LTAIPES95FIII 2020-4T-DIRECTORIO.xlsx\">LTAIPES95FIII.xlsx<\/a><\/li>\n<\/ul>\n<p><strong>IV.<\/strong>\u00a0La informaci\u00f3n curricular del servidor p\u00fablico<\/p>\n<ul>\n<li><a href=\"https:\/\/implanguamuchil.gob.mx\/transparencia2020\/4totrim\/LTAIPES95FIV (FRACCION IV_4T_2020)_Vgt.xlsx\">LTAIPES95FIV.xslx<\/a><\/li>\n<\/ul>\n<p><strong>V.<\/strong>\u00a0El listado de servidores p\u00fablicos con sanciones administrativas definitivas, especificando la causa de sanci\u00f3n y la disposici\u00f3n;<\/p>\n<ul>\n<li><a href=\"https:\/\/implanguamuchil.gob.mx\/transparencia2020\/4totrim\/LTAIPES95FV-2020-4T-SANCIONES.xlsx\">LTAIPES95FV.xlsx<\/a><\/li>\n<\/ul>\n<p><strong>VI.<\/strong>\u00a0La remuneraci\u00f3n bruta y neta de todos los servidores p\u00fablicos de base o de confianza, o miembro de los sujetos obligados, de todas las percepciones, incluyendo sueldos, prestaciones, gratificaciones, primas, comisiones, dietas, bonos, est\u00edmulos, ingresos y sistemas de compensaci\u00f3n, se\u00f1alando la periodicidad de dicha remuneraci\u00f3n;<\/p>\n<ul>\n<li><a href=\"https:\/\/implanguamuchil.gob.mx\/transparencia2020\/4totrim\/LTAIPES95FVI-2020-4T-REMUNERACION.xlsx\">LTAIPES95FVI.xlsx\u00a0<\/a><\/li>\n<\/ul>\n<p><strong>VII.<\/strong>\u00a0El n\u00famero total de las plazas y del personal de base y confianza, especificando el total de las vacantes, por nivel de puesto, para cada unidad administrativa;<\/p>\n<ul>\n<li><a href=\"https:\/\/implanguamuchil.gob.mx\/transparencia2020\/4totrim\/LTAIPES95FVIIA-2020-4T-PLAZAS BASE Y CONFIANZA.xlsx\">LTAIPES95FVIIA.xlsx<\/a><\/li>\n<li><a href=\"https:\/\/implanguamuchil.gob.mx\/transparencia2020\/4totrim\/LTAIPES95FVIIB-2020-4T-PLAZAS VACANTES Y OCUPADAS.xlsx\">LTAIPES95FVIIB.xlsx<\/a><\/li>\n<\/ul>\n<p><strong>VIII.<\/strong>\u00a0La informaci\u00f3n en versi\u00f3n p\u00fablica de las declaraciones patrimoniales de los servidores p\u00fablicos que as\u00ed lo determine, en los sistemas habilitados para ello, de acuerdo a la normalidad aplicable;<strong>\u00a0<\/strong><\/p>\n<ul>\n<li><a href=\"https:\/\/implanguamuchil.gob.mx\/transparencia2020\/4totrim\/LTAIPES95FVIII-2020-4T-DECLARACION PATRIMONIAL.xlsx\">\u00a0LTAIPES95FVIII.xslx<\/a><\/li>\n<\/ul>\n<p><strong>IX.<\/strong>\u00a0Los nombramientos, comisiones y licencias de los servidores p\u00fablicos;<\/p>\n<ul>\n<li><a href=\"https:\/\/implanguamuchil.gob.mx\/transparencia2020\/4totrim\/LTAIPES95FIX-2020-4T-NOMBRAMIENTOS, COMISIONES.xlsx\">LTAIPES95FIX.xslx<\/a><\/li>\n<\/ul>\n<p><a href=\"https:\/\/implanguamuchil.gob.mx\/transparencia2021\/4totrim\/NOMBRAMIENTO AARON.pdf\">Nombramiento Arq. Aar\u00f3n Meza Ramirez<\/a><\/p>\n<p><strong>X.<\/strong>\u00a0Nombre, nombramiento, fotograf\u00eda, domicilio, tel\u00e9fono y correo electr\u00f3nico oficiales de las personas que integran la Unidad de Transparencia y el Comit\u00e9 de Transparencia, as\u00ed como la direcci\u00f3n electr\u00f3nica donde podr\u00e1 recibirse las solicitudes para obtener la informaci\u00f3n.<\/p>\n<ul>\n<li><a href=\"https:\/\/implanguamuchil.gob.mx\/transparencia2020\/4totrim\/LTAIPES95FXA-2020-4T-UNIDAD DE TRANSPARENCIA.xlsx\">LTAIPES95FXA.xslx<\/a><\/li>\n<li><a href=\"https:\/\/implanguamuchil.gob.mx\/transparencia2020\/4totrim\/LTAIPES95FXB-2020-4T-COMITE.xlsx\">LTAIPES95FXB.xslx<\/a><\/li>\n<\/ul>\n<p><strong>XI.<\/strong>\u00a0Las actas y resoluciones del Comit\u00e9 de Transparencia;<\/p>\n<ul>\n<li><a href=\"https:\/\/implanguamuchil.gob.mx\/transparencia2020\/4totrim\/LTAIPES95FXIA-2020-4T-INFORME DE SESIONES COMITE.xlsx\">LTAIPES95FXIA.xslx<strong>\u00a0<\/strong><\/a><\/li>\n<li><a href=\"https:\/\/implanguamuchil.gob.mx\/transparencia2020\/4totrim\/LTAIPES95FXIB-2020-4T-RESOLUCIONES COMITE.xlsx\">LTAIPES95FXIB.xslx<\/a><\/li>\n<li>LTAIPES95FXIC.xslx<\/li>\n<\/ul>\n<p><strong>XII.<\/strong>\u00a0Las solicitudes de acceso a informaci\u00f3n p\u00fablica, las respuestas otorgadas a \u00e9stas, o en su caso, las respuestas entregadas por los sujetos obligados en cumplimiento de las resoluciones dictadas por la Comisi\u00f3n;<\/p>\n<ul>\n<li><a href=\"https:\/\/implanguamuchil.gob.mx\/transparencia2020\/4totrim\/LTAIPES95FXII-2020-4T-SOLICITUDES.xlsx\">LTAIPES95FXII.xlsx<\/a><\/li>\n<\/ul>\n<p><a href=\"https:\/\/implanguamuchil.gob.mx\/transparencia2020\/4totrim\/SOLICITUD 181020.pdf\">Solicitud\u00a0<\/a>y<a href=\"https:\/\/implanguamuchil.gob.mx\/transparencia2020\/4totrim\/OFICIO 004-2020.pdf\">\u00a0Respuesta<\/a>\u00a0del d\u00eda 18\/10\/2020<\/p>\n<p><a href=\"https:\/\/implanguamuchil.gob.mx\/transparencia2020\/4totrim\/SOLICITUD 201120.pdf\">Solicitud<\/a>\u00a0y\u00a0<a href=\"https:\/\/implanguamuchil.gob.mx\/transparencia2020\/4totrim\/OFICIO 005-2020.pdf\">Respuesta<\/a>\u00a0del d\u00eda 20\/11\/2020<\/p>\n<p><strong>XIII.<\/strong>\u00a0Las convocatorias a concurso para ocupar cargos p\u00fablicos y los resultados de los mismos, de acuerdo a la normativa aplicable;<\/p>\n<ul>\n<li><a href=\"https:\/\/implanguamuchil.gob.mx\/transparencia2020\/4totrim\/LTAIPES95FXIII-2020-4T-CONCURSOS CARGOS P\u00daBLICOS.xlsx\">LTAIPES95FXIII.xslx<\/a><\/li>\n<\/ul>\n<p><strong>XIV.<\/strong>\u00a0El cat\u00e1logo de disposici\u00f3n y gu\u00eda de archivo documental;<\/p>\n<ul>\n<li>LTAIPES95FXIV.xslx\u00a0<strong>(Esta publicaci\u00f3n se actualiza anualmente)<\/strong><\/li>\n<\/ul>\n<p><strong>XV.<\/strong>\u00a0Actas de entrega recepci\u00f3n;<\/p>\n<ul>\n<li><a href=\"https:\/\/implanguamuchil.gob.mx\/transparencia2020\/4totrim\/LTAIPES95FXV-2020-4T-ACTAS DE ENTREGA.xlsx\">LTAIPES95FXV.xslx<\/a><\/li>\n<\/ul>\n<p><strong>XVI.<\/strong>\u00a0Normatividad Aplicable;<\/p>\n<ul>\n<li><a href=\"https:\/\/implanguamuchil.gob.mx\/transparencia2020\/4totrim\/LTAIPES95FXVI (FRACCION XVI_4T_2020)_Vgt.xlsx\">LTAIPES95FXVI.xslx<\/a><\/li>\n<\/ul>\n<p><strong>XVII.<\/strong>\u00a0Las condiciones generales de trabajo, contratos o convenios que regulen las relaciones laborales del personal de base o de confianza, as\u00ed como los recursos p\u00fablicos econ\u00f3micos, en especie o donativos que sean entregados a los sindicatos y ejerzan como recursos p\u00fablicos;<\/p>\n<ul>\n<li><a href=\"https:\/\/implanguamuchil.gob.mx\/transparencia2020\/4totrim\/LTAIPES95FXVIIA (FRACCION XVII_4T_2020)_Vgt.xlsx\">LTAIPES95FXVIIA.xslx<\/a><\/li>\n<li>LTAIPES95FXVIIB.xslx<\/li>\n<\/ul>\n<p><strong>XVIII.<\/strong>\u00a0Los convenios suscritos con los sectores social y privado;<\/p>\n<ul>\n<li><a href=\"https:\/\/implanguamuchil.gob.mx\/transparencia2020\/4totrim\/LTAIPES95FXVIIB-2020-4T-CONDICIONES GENERALES.xlsx\">LTAIPES95FXVIII.xslx<\/a><\/li>\n<\/ul>\n<p><strong>XIX.<\/strong>\u00a0Las recomendaciones emitidas por los \u00f3rganos p\u00fablicos del Estado Mexicano u organismos internacionales garantes de los derechos humanos, as\u00ed como las acciones que han llevado a cabo para su atenci\u00f3n;<\/p>\n<ul>\n<li><a href=\"https:\/\/implanguamuchil.gob.mx\/transparencia2020\/4totrim\/LTAIPES95FXIXA-2020-4T-RECOMENDACIONES DE ORGANISMOS GARANTES.xlsx\">LTAIPES95FXIXA.xslx<\/a><\/li>\n<li><a href=\"https:\/\/implanguamuchil.gob.mx\/transparencia2020\/4totrim\/LTAIPES95FXIXB-2020-4T- RECOMENDACIONES CASOS ESPECIALES.xlsx\">LTAIPES95FXIXB.xslx<\/a><\/li>\n<li><a href=\"https:\/\/implanguamuchil.gob.mx\/transparencia2020\/4totrim\/LTAIPES95FXIXC-2020-4T-RECOMENDACIONES DE ORGANISMOS INTERNACIONALES.xlsx\">LTAIPES95FXIXC.xslx<\/a><\/li>\n<\/ul>\n<p><strong>XX.<\/strong>\u00a0Las resoluciones y laudos que se emitan en procesos o procedimientos seguidos en forma de juicio;<\/p>\n<ul>\n<li><a href=\"https:\/\/implanguamuchil.gob.mx\/transparencia2020\/4totrim\/LTAIPES95FXX-2020-4T-RESOLUCIONES Y LAUDOS.xlsx\">LTAIPES95FXX.xslx<\/a><\/li>\n<\/ul>\n<p><strong>XXI.<\/strong>\u00a0La informaci\u00f3n financiera sobre el\u00a0presupuesto asignado, as\u00ed como los informes del ejercicio trimestral del gasto, en t\u00e9rminos de la Ley General de Contabilidad Gubernamental y dem\u00e1s normativa aplicable;<\/p>\n<ul>\n<li>LTAIPES95FXXIA.xslx\u00a0<strong>(Esta informaci\u00f3n se actualiza anualmente)<\/strong><\/li>\n<li><a href=\"https:\/\/implanguamuchil.gob.mx\/transparencia2020\/4totrim\/LTAIPES95FXXIB-2020- 4T -EJERCICIO DE LOS EGRESOS PRESUPUESTARIOS.xlsx\">LTAIPES95FXXIB.xslx<\/a><\/li>\n<li>LTAIPES95FXXIC.xslx\u00a0<strong>(Esta informaci\u00f3n se actualiza anualmente)<\/strong><\/li>\n<\/ul>\n<p><strong>XXII.<\/strong>\u00a0Informe de avances program\u00e1ticos o presupuestales, balances generales y su estado financiero;<\/p>\n<ul>\n<li><a href=\"https:\/\/implanguamuchil.gob.mx\/transparencia2020\/4totrim\/LTAIPES95FXXIIA-2020-4T-GASTO POR CAPITULO.xlsx\">LTAIPES95FXXIIA.xslx<\/a><\/li>\n<li><a href=\"https:\/\/implanguamuchil.gob.mx\/transparencia2020\/4totrim\/LTAIPES95FXXIIB-2020-4T-INFORMES FINANCIEROS.xlsx\">LTAIPES95FXXIIB.xslx<\/a><\/li>\n<\/ul>\n<p><strong>XXIII.<\/strong>\u00a0Los ingresos recibidos por cualquier concepto se\u00f1alando el nombre de los responsables de recibirlos, administrarlos y ejercerlos, indicando el destino de cada uno de ellos;<\/p>\n<ul>\n<li><a href=\"https:\/\/implanguamuchil.gob.mx\/transparencia2020\/4totrim\/LTAIPES95FXXIIIA-2020-4T-INGRESOS RECIBIDOS.xlsx\">LTAIPES95FXXIIIA.xslx<\/a><\/li>\n<li><a href=\"https:\/\/implanguamuchil.gob.mx\/transparencia2020\/4totrim\/LTAIPES95FXXIIIB-2020-4T-RESPONSABLE DE LOS INGRESOS.xlsx\">LTAIPES95FXXIIIB.xslx<\/a><\/li>\n<\/ul>\n<p><strong>XXIV.<\/strong>\u00a0Relaci\u00f3n de personas f\u00edsicas y morales que hayan recibido recursos p\u00fablicos, incluyendo fecha, nombre o raz\u00f3n social, la descripci\u00f3n del concepto y monto;<\/p>\n<ul>\n<li><a href=\"https:\/\/implanguamuchil.gob.mx\/transparencia2020\/4totrim\/LTAIPES95FXXIV-2020-4T-PERSONAS RECIBIERON RECURSOS.xlsx\">LTAIPES95FXXIV.xslx<\/a><\/li>\n<\/ul>\n<p><strong>XXVI.<\/strong>\u00a0Las contrataciones de servicios profesionales por honorarios, se\u00f1alando los nombres de los prestadores de servicios, los servicios contratados o subcontratados por estos, el monto de los honorarios y el periodo de contrataci\u00f3n;<\/p>\n<ul>\n<li><a href=\"https:\/\/implanguamuchil.gob.mx\/transparencia2020\/4totrim\/LTAIPES95FXXVI-2020-4T-HONORARIOS.xlsx\">LTAIPES95FXXVI.xslx<\/a><\/li>\n<\/ul>\n<p><strong>XXVII<\/strong>. El listado de jubilados y pensionados, y el monto que reciben;<\/p>\n<ul>\n<li>L<a href=\"https:\/\/implanguamuchil.gob.mx\/transparencia2020\/4totrim\/LTAIPES95FXXVIIA-2020-4T-HIPERVINCULO JUBILADOS Y PENSIONADOS.xlsx\">TAIPES95FXXVIIA.xslx<\/a><\/li>\n<li><a href=\"https:\/\/implanguamuchil.gob.mx\/transparencia2020\/4totrim\/LTAIPES95FXXVIIB-2020-4T-LISTADO DE PENSIONADOS Y JUBILADOS.xlsx\">LTAIPES95FXXVIIB.xslx<\/a><\/li>\n<\/ul>\n<p><strong>XXVIII.<\/strong>\u00a0Los montos destinados a gastos relativos a comunicaci\u00f3n social y publicidad oficial desglosada por fecha, tipo de medio, proveedores, n\u00famero de contrato y concepto o campa\u00f1a;<\/p>\n<ul>\n<li>LTAIPES95FXXVIIIA.xslx <strong>(Esta informaci\u00f3n se actualiza anualmente)<\/strong><\/li>\n<li><a href=\"https:\/\/implanguamuchil.gob.mx\/transparencia2020\/4totrim\/LTAIPES95FXXVIIIB-2020-4T-CONTRATACION SERVICIOS DE PUBLICIDAD.xlsx\">LTAIPES95FXXVIIIB.xslx<\/a><\/li>\n<li><a href=\"https:\/\/implanguamuchil.gob.mx\/transparencia2020\/4totrim\/LTAIPES95FXXVIIIC-2020-4T-UTILIZACION DE LOS TIEMPOS OFICIALES.xlsx\">LTAIPES95FXXVIIIC.xslx<\/a><\/li>\n<li><a href=\"https:\/\/implanguamuchil.gob.mx\/transparencia2020\/4totrim\/LTAIPES95FXXVIIID-2020-4T-HIPERVINCULO TIEMPOS OFICIALES.xlsx\">LTAIPES95FXXVIIID.xslx<\/a><\/li>\n<\/ul>\n<p><strong>XXIX.<\/strong>\u00a0Relaci\u00f3n de arrendamientos desglosado por nombre del arrendador, uso del inmueble, ubicaci\u00f3n e importe mensual de la renta;<\/p>\n<ul>\n<li><a href=\"https:\/\/implanguamuchil.gob.mx\/transparencia2020\/4totrim\/LTAIPES95FXXIX-2020-4T-ARRENDAMIENTO DE BIENES.xlsx\">LTAIPES95FXXIX.xslx<\/a><\/li>\n<\/ul>\n<p><strong>XXX.<\/strong>\u00a0Los gastos de representaci\u00f3n y vi\u00e1ticos de cada uno de sus servidores p\u00fablicos, as\u00ed como el objeto e informe de comisi\u00f3n correspondiente;<\/p>\n<ul>\n<li><a href=\"https:\/\/implanguamuchil.gob.mx\/transparencia2020\/4totrim\/LTAIPES95FXXX-2020-4T-VIATICOS.xlsx\">LTAIPES95FXXX<\/a><\/li>\n<\/ul>\n<p><strong>XXXI.<\/strong>\u00a0Donaciones hechas a terceros en dinero o en especie;<\/p>\n<ul>\n<li><a href=\"https:\/\/implanguamuchil.gob.mx\/transparencia2020\/4totrim\/LTAIPES95FXXXIA-2020-4T-DONACIONES EN DINERO.xlsx\">LTAIPES95FXXXIA.xslx<\/a><\/li>\n<li><a href=\"https:\/\/implanguamuchil.gob.mx\/transparencia2020\/4totrim\/LTAIPES95FXXXIB-2020-4T-DONACIONES EN ESPECIE.xlsx\">LTAIPES95FXXXIB.xslx<\/a><\/li>\n<\/ul>\n<p><strong>XXXII.<\/strong>\u00a0Padr\u00f3n de veh\u00edculos oficiales o desglosados por marca, tipo, responsable del resguardo; con arrendamiento color, modelo y responsable del resguardo;<\/p>\n<ul>\n<li><a href=\"https:\/\/implanguamuchil.gob.mx\/transparencia2020\/4totrim\/LTAIPES95FXXXII-2020-4T-VEHICULOS OFICIALES.xlsx\">LTAIPES95FXXXII.xslx<\/a><\/li>\n<\/ul>\n<p><strong>XXXIV<\/strong>.\u00a0<a href=\"https:\/\/implanguamuchil.gob.mx\/transparencia2020\/4totrim\/proveedorescuartotrimestre.xlsx\">Padr\u00f3n de proveedores\u00a0<\/a>y contratistas que incluya direcci\u00f3n, tel\u00e9fono y giro comercial;<\/p>\n<ul>\n<li><a href=\"https:\/\/implanguamuchil.gob.mx\/transparencia2020\/4totrim\/LTAIPES95FXXXIV-2020-4T-PADRON DE PROVEEDORES.xlsx\">LTAIPES95FXXXIV.xslx<\/a><\/li>\n<\/ul>\n<p><strong>XXXV.<\/strong>\u00a0El inventario de bienes muebles e inmuebles en posesi\u00f3n y propiedad;<strong>\u00a0<\/strong><\/p>\n<ul>\n<li><a href=\"https:\/\/implanguamuchil.gob.mx\/transparencia2020\/4totrim\/LTAIPES95FXXXVA-2020-4T-INVENTARIO DE BIENES MUEBLES.xlsx\">LTAIPES95FXXXVA.xslx<\/a><\/li>\n<li><a href=\"https:\/\/implanguamuchil.gob.mx\/transparencia2020\/4totrim\/LTAIPES95FXXXVB-2020-4T- ALTA DE BIENES MUEBLES.xlsx\">LTAIPES95FXXXVB.xslx<\/a><\/li>\n<li><a href=\"https:\/\/implanguamuchil.gob.mx\/transparencia2020\/4totrim\/LTAIPES95FXXXVC-2020-4T- BAJA DE BIENES.xlsx\">LTAIPES95FXXXVC.xslx<\/a><\/li>\n<li><a href=\"https:\/\/implanguamuchil.gob.mx\/transparencia2020\/4totrim\/LTAIPES95FXXXVD-2020-4T-BIENES INMUEBLES.xlsx\">LTAIPES95FXXXVD.xslx<\/a><\/li>\n<li><a href=\"https:\/\/implanguamuchil.gob.mx\/transparencia2020\/4totrim\/LTAIPES95FXXXVE-2020-4T- ALTA BIENES INMUEBLES.xlsx\">LTAIPES95FXXXVE.xslx<\/a><\/li>\n<li><a href=\"https:\/\/implanguamuchil.gob.mx\/transparencia2020\/4totrim\/LTAIPES95FXXXVF-2020-4T- BAJA BIENES INMUEBLES.xlsx\">LTAIPES95FXXXVF.xslx<\/a><\/li>\n<li><a href=\"https:\/\/implanguamuchil.gob.mx\/transparencia2020\/4totrim\/LTAIPES95FXXXVG-2020-4T- BIENES DONADOS.xlsx\">LTAIPES95FXXXVG.xslx<\/a><\/li>\n<\/ul>\n<p><strong>XXXVII.<\/strong>\u00a0El resultado de los dict\u00e1menes de los estados financieros;<\/p>\n<ul>\n<li>LTAIPES95FXXXVII.xslx\u00a0<strong>(Esta informaci\u00f3n se actualiza anualmente)<\/strong><\/li>\n<\/ul>\n<p><strong>XXXVIII.<\/strong>\u00a0Los informes de resultados de las auditor\u00edas al ejercicio presupuestal de cada sujeto obligado que se realicen y, en su caso, las aclaraciones que correspondan;<\/p>\n<ul>\n<li><a href=\"https:\/\/implanguamuchil.gob.mx\/transparencia2020\/4totrim\/LTAIPES95FXXXVIII-2020-4T-AUDITORIAS.xlsx\">LTAIPES95FXXXVIII.xslx<\/a><\/li>\n<\/ul>\n<p><strong>XXXIX.<\/strong>\u00a0La informaci\u00f3n de los resultados sobre procedimientos de adjudicaci\u00f3n directa, invitaci\u00f3n, invitaci\u00f3n restringida y licitaci\u00f3n de cualquier naturaleza, incluyendo la versi\u00f3n p\u00fablica del expediente respectivo y de los contratos celebrados.<\/p>\n<ul>\n<li><a href=\"https:\/\/implanguamuchil.gob.mx\/transparencia2020\/4totrim\/LTAIPES95FXXXIXA-2020-4T-ADJUDICACIONES, INVITACIONES Y LICITACIONES.xlsx\">LTAIPES95FXXXIXA.xslx<\/a><\/li>\n<li><a href=\"https:\/\/implanguamuchil.gob.mx\/transparencia2020\/4totrim\/LTAIPES95FXXXIXB-2020-4T-PROCEDIMIENTOS DE ADJUDICACION DIRECTA.xlsx\">LTAIPES95FXXXIXB.xslx<\/a><\/li>\n<\/ul>\n<p><strong>XL.<\/strong>\u00a0Los servicios que ofrecen se\u00f1alando los requisitos para acceder a ellos;<\/p>\n<ul>\n<li><a href=\"https:\/\/implanguamuchil.gob.mx\/transparencia2020\/4totrim\/LTAIPES95FXL (FRACCION XL_4T_2020)_Vgt.xlsx\">LTAIPES95FXL.xslx<\/a><\/li>\n<\/ul>\n<p><strong>XLI.<\/strong>\u00a0Los tr\u00e1mites, requisitos y formatos que ofrecen;\u00a0 portal de tr\u00e1mites<\/p>\n<ul>\n<li><a href=\"https:\/\/implanguamuchil.gob.mx\/transparencia2020\/4totrim\/LTAIPES95FXLI (FRACCION XLI_4T_2020)_Trim.xlsx\">LTAIPES95FXLI.xslx<\/a><\/li>\n<\/ul>\n<p><strong>XLII.<\/strong>\u00a0Los programas que ofrecen, incluyendo informaci\u00f3n sobre la poblaci\u00f3n, objetivo y destino, as\u00ed como los tr\u00e1mites, tiempos de respuesta, requisitos y formatos para acceder a los mismos;<\/p>\n<ul>\n<li><a href=\"https:\/\/implanguamuchil.gob.mx\/transparencia2020\/4totrim\/LTAIPES95FXLIIA (FRACCION XLII A_4T_2020)_Trim.xlsx\">LTAIPES95FXLIIA.xslx<\/a><\/li>\n<li><a href=\"https:\/\/implanguamuchil.gob.mx\/transparencia2020\/4totrim\/LTAIPES95FXLIIB (FRACCION XLII B_4T_2020)_Trim.xlsx\">LTAIPES95FXLIIB.xslx<\/a><\/li>\n<\/ul>\n<p><strong>XLIV.<\/strong>\u00a0Todas las evaluaciones y encuestas que hagan \u00b7los sujetos obligados a programas financiados con recursos p\u00fablicos;<\/p>\n<ul>\n<li>LTAIPES95FXLIVA.xslx\u00a0<strong>(Esta informaci\u00f3n se actualiza anualmente)<\/strong><\/li>\n<li>LTAIPES95FXLIVB.xslx\u00a0<strong>(Esta informaci\u00f3n se actualiza anualmente)<\/strong><\/li>\n<\/ul>\n<p><strong>XLVI.<\/strong>\u00a0Los informes que por disposici\u00f3n legal generen los sujetos obligados y el informe anual que deben rendir sobre las acciones de implementaci\u00f3n de esta Ley;<\/p>\n<ul>\n<li><a href=\"http:\/\/LTAIPES95FXLVI-2020-4T-INFORMES EMITIDOS.xlsx\">LTAIPES95FXLVI.xslx<\/a><\/li>\n<\/ul>\n<p><strong>XLVII<\/strong>. Las estad\u00edsticas que generen en cumplimiento de sus facultades, competencias o funciones con la mayor desagregaci\u00f3n posible;<\/p>\n<ul>\n<li>L<a href=\"https:\/\/implanguamuchil.gob.mx\/transparencia2020\/4totrim\/LTAIPES95FXLVII-2020-4T- ESTADISTICAS GENERADAS.xlsx\">TAIPES95FXLVII.xslx<\/a><\/li>\n<\/ul>\n<p><strong>XLVIII.<\/strong>\u00a0Las metas y objetivos de las \u00e1reas de conformidad con sus programas operativos;<\/p>\n<ul>\n<li>LTAIPES95FXLVIII.xslx\u00a0<strong>(Esta informaci\u00f3n se actualiza anualmente)<\/strong><\/li>\n<\/ul>\n<p><strong>XLIX.<\/strong>\u00a0Los indicadores que permitan rendir cuenta de sus objetivos y resultados;<\/p>\n<ul>\n<li><a href=\"https:\/\/implanguamuchil.gob.mx\/transparencia2020\/4totrim\/LTAIPES95FXLIX (FRACCION XLIX_4T_2020)_Trim.xlsx\">LTAIPES95FXLIX.xslx<\/a><\/li>\n<\/ul>\n<p><strong>L.<\/strong>\u00a0Los indicadores relacionados con temas de inter\u00e9s p\u00fablico o trascendencia social que conforme a sus funciones, deban establecer;<\/p>\n<ul>\n<li><a href=\"https:\/\/implanguamuchil.gob.mx\/transparencia2020\/4totrim\/LTAIPES95FL (FRACCION L_4T_2020)_Trim.xlsx\">LTAIPES95FL.xslx<\/a><\/li>\n<\/ul>\n<p><strong>LI.<\/strong>\u00a0Los estudios financiados con recursos p\u00fablicos;<\/p>\n<ul>\n<li><a href=\"https:\/\/implanguamuchil.gob.mx\/transparencia2020\/4totrim\/LTAIPES95FLI-2020-4T-ESTUDIOS FINANCIADOS.xlsx\">LTAIPES95FLI.xslx<\/a><\/li>\n<\/ul>\n<p><strong>LII.<\/strong>\u00a0Los mecanismos de participaci\u00f3n ciudadana;<\/p>\n<ul>\n<li><a href=\"https:\/\/implanguamuchil.gob.mx\/transparencia2020\/4totrim\/LTAIPES95FLIIA (FRACCION LII A_4T_2020)_Trim.xlsx\">LTAIPES95FLIIA.xslx<\/a><\/li>\n<li><a href=\"https:\/\/implanguamuchil.gob.mx\/transparencia2020\/4totrim\/LTAIPES95FLIIB (FRACCION LII B_4T_2020)_Trim.xlsx\">LTAIPES95FLIIB.xslx<\/a><\/li>\n<\/ul>\n<p><strong>LIII.<\/strong>\u00a0Las actas de sesiones ordinarias y extraordinarias, as\u00ed como las opiniones y recomendaciones que emitan, en su caso, los consejos consultivos, comit\u00e9s t\u00e9cnicos y juntas directivas o de gobierno;<\/p>\n<ul>\n<li><a href=\"https:\/\/implanguamuchil.gob.mx\/transparencia2020\/4totrim\/LTAIPES95FLIIIA-2020-4T-ACTAS CONSEJO.xlsx\">LTAIPES95FLIIIA.xslx<\/a><\/li>\n<li><a href=\"https:\/\/implanguamuchil.gob.mx\/transparencia2020\/4totrim\/LTAIPES95FLIIIB-2020-4T-OPINIONES CONSEJO.xlsx\">LTAIPES95FLIIIB.xslx<\/a><\/li>\n<\/ul>\n<p><strong>LIV.<\/strong>\u00a0Para efectos estad\u00edsticos, el listado de solicitudes a las empresas concesionarias de telecomunicaciones y proveedores de servicios o aplicaciones de\u00a0 Internet para la intervenci\u00f3n de comunicaciones privadas, el acceso al registro de comunicaciones y la localizaci\u00f3n geogr\u00e1fica en tiempo real de equipos de comunicaci\u00f3n, que contenga exclusivamente el objeto, el alcance temporal y los fundamentos legales del requerimiento, as\u00ed como en su caso, la menci\u00f3n de que cuenta con la autorizaci\u00f3n judicial correspondiente; y,<\/p>\n<ul>\n<li>L<a href=\"https:\/\/implanguamuchil.gob.mx\/transparencia2020\/4totrim\/LTAIPES95FLIVA-2020-4T-SOLICITUD DE INTERVENCION DE COMUNICACIONES.xlsx\">TAIPES95FLIVA.xslx<\/a><\/li>\n<li><a href=\"https:\/\/implanguamuchil.gob.mx\/transparencia2020\/4totrim\/LTAIPES95FLIVB-2020-4T-SOLICITUDES AL REGISTRO DE COMUNICACIONES.xlsx\">LTAIPES95FLIVB.xslx<\/a><\/li>\n<li><a href=\"https:\/\/implanguamuchil.gob.mx\/transparencia2020\/4totrim\/LTAIPES95FLIVC-2020-4T-AVISO DE NO GENERA INFORMACION.xlsx\">LTAIPES95FLIVC.xslx<\/a><\/li>\n<\/ul>\n<p><strong>LV.<\/strong>\u00a0Cualquier otra informaci\u00f3n que sea de utilidad o se considere relevante, adem\u00e1s de la que con base en la informaci\u00f3n estad\u00edstica responda a las preguntas hechas con m\u00e1s frecuencia por el p\u00fablico.<\/p>\n<ul>\n<li><a href=\"https:\/\/implanguamuchil.gob.mx\/transparencia2020\/4totrim\/LTAIPES95FLVA (FRACCION LV A_4T_2020)_Vgt.xlsx\">LTAIPES95FLVA.xslx<\/a><\/li>\n<li><a href=\"https:\/\/implanguamuchil.gob.mx\/transparencia2020\/4totrim\/LTAIPES95FLVB (FRACCION LV B_4T_2020)_Vgt.xlsx\">LTAIPES95FLVB.xslx<\/a><\/li>\n<li><a href=\"https:\/\/implanguamuchil.gob.mx\/transparencia2020\/4totrim\/LTAIPES95FLVC (FRACCION LV C_4T_2020)_Vgt.xlsx\">LTAIPES95FLVC.xslx<\/a><\/li>\n<\/ul>\n<p><strong>M.\u00a0<\/strong>Los sujetos obligados deber\u00e1n informar a la Comisi\u00f3n cu\u00e1les son los rubros que son aplicables a sus p\u00e1ginas de internet, con el objeto de que \u00e9sta verifique y apruebe, de forma fundada y motivada, la relaci\u00f3n de fracciones aplicables a cada sujeto obligado. En cumplimiento de este \u00faltimo p\u00e1rrafo del art\u00edculo 95, y con base en lo se\u00f1alado en las Pol\u00edticas Generales de estos Lineamientos T\u00e9cnicos, numeral XIII, en la Tabla de aplicabilidad de las Obligaciones de Transparencia Comunes gen\u00e9rica incluida en estos Lineamientos, las 55 fracciones del art\u00edculo 95 se refieren a informaci\u00f3n que todos los sujetos obligados generan, obtienen, adquieren, transforman o poseen.<\/p>\n<ul>\n<li>LTAIPES95FM.xslx\u00a0<strong>(Esta informaci\u00f3n se actualiza anualmente)<\/strong><\/li>\n<\/ul>\n","protected":false},"excerpt":{"rendered":"<p>LEY DE TRANSPARENCIA Y ACCESO A LA INFORMACI\u00d3N PUBLICA DEL ESTADO DE SINALOA OBLIGACIONES COMUNES ART.95 Art\u00edculo 95. Los sujetos obligados pondr\u00e1n a disposici\u00f3n del p\u00fablico y actualizar\u00e1n en forma permanente la informaci\u00f3n en los respectivos medios electr\u00f3nicos, de acuerdo con sus facultades, atribuciones, funciones u objeto social seg\u00fan corresponda, por lo menos, de los [&hellip;]<\/p>\n","protected":false},"author":2,"featured_media":0,"parent":0,"menu_order":0,"comment_status":"closed","ping_status":"closed","template":"","meta":{"footnotes":""},"_links":{"self":[{"href":"https:\/\/implanguamuchil.gob.mx\/index.php?rest_route=\/wp\/v2\/pages\/1364"}],"collection":[{"href":"https:\/\/implanguamuchil.gob.mx\/index.php?rest_route=\/wp\/v2\/pages"}],"about":[{"href":"https:\/\/implanguamuchil.gob.mx\/index.php?rest_route=\/wp\/v2\/types\/page"}],"author":[{"embeddable":true,"href":"https:\/\/implanguamuchil.gob.mx\/index.php?rest_route=\/wp\/v2\/users\/2"}],"replies":[{"embeddable":true,"href":"https:\/\/implanguamuchil.gob.mx\/index.php?rest_route=%2Fwp%2Fv2%2Fcomments&post=1364"}],"version-history":[{"count":6,"href":"https:\/\/implanguamuchil.gob.mx\/index.php?rest_route=\/wp\/v2\/pages\/1364\/revisions"}],"predecessor-version":[{"id":1679,"href":"https:\/\/implanguamuchil.gob.mx\/index.php?rest_route=\/wp\/v2\/pages\/1364\/revisions\/1679"}],"wp:attachment":[{"href":"https:\/\/implanguamuchil.gob.mx\/index.php?rest_route=%2Fwp%2Fv2%2Fmedia&parent=1364"}],"curies":[{"name":"wp","href":"https:\/\/api.w.org\/{rel}","templated":true}]}}